{"id":46,"date":"2024-05-10T16:10:37","date_gmt":"2024-05-10T16:10:37","guid":{"rendered":"http:\/\/akchrastkova.cz\/wp\/?page_id=46"},"modified":"2024-06-20T20:46:48","modified_gmt":"2024-06-20T18:46:48","slug":"cenik","status":"publish","type":"page","link":"https:\/\/akchrastkova.cz\/wp\/cenik\/","title":{"rendered":"Cen\u00edk"},"content":{"rendered":"\t\t<div data-elementor-type=\"wp-page\" data-elementor-id=\"46\" class=\"elementor elementor-46\">\n\t\t\t\t<div class=\"elementor-element elementor-element-2ea331a e-flex e-con-boxed e-con e-parent\" data-id=\"2ea331a\" data-element_type=\"container\">\n\t\t\t\t\t<div class=\"e-con-inner\">\n\t\t\t\t<div class=\"elementor-element elementor-element-de0a1e6 elementor-widget elementor-widget-heading\" data-id=\"de0a1e6\" data-element_type=\"widget\" data-widget_type=\"heading.default\">\n\t\t\t\t<div class=\"elementor-widget-container\">\n\t\t\t<h1 class=\"elementor-heading-title elementor-size-default\">Cen\u00edk<\/h1>\t\t<\/div>\n\t\t\t\t<\/div>\n\t\t\t\t\t<\/div>\n\t\t\t\t<\/div>\n\t\t<div class=\"elementor-element elementor-element-25e0d1e e-flex e-con-boxed e-con e-parent\" data-id=\"25e0d1e\" data-element_type=\"container\">\n\t\t\t\t\t<div class=\"e-con-inner\">\n\t\t<div class=\"elementor-element elementor-element-b620d6a e-con-full e-flex e-con e-child\" data-id=\"b620d6a\" data-element_type=\"container\" data-settings=\"{&quot;background_background&quot;:&quot;gradient&quot;}\">\n\t\t\t\t<div class=\"elementor-element elementor-element-d035ec0 elementor-widget elementor-widget-text-editor\" data-id=\"d035ec0\" data-element_type=\"widget\" data-widget_type=\"text-editor.default\">\n\t\t\t\t<div class=\"elementor-widget-container\">\n\t\t\t\t\t\t\t<p>Advok\u00e1tn\u00ed kancel\u00e1\u0159 poskytuje pr\u00e1vn\u00ed slu\u017eby za \u00faplatu v souladu vyhl\u00e1\u0161kou Ministerstva spravedlnosti \u010d. 177\/1996 Sb., o odm\u011bn\u00e1ch advok\u00e1t\u016f a n\u00e1hrad\u00e1ch advok\u00e1t\u016f za poskytov\u00e1n\u00ed pr\u00e1vn\u00edch slu\u017eeb (advok\u00e1tn\u00ed tarif), ve zn\u011bn\u00ed pozd\u011bj\u0161\u00edch p\u0159edpis\u016f. Vyhl\u00e1\u0161ka upravuje jak smluvn\u00ed tak mimosmluvn\u00ed v\u00fd\u0161i odm\u011bny.<\/p>\t\t\t\t\t\t<\/div>\n\t\t\t\t<\/div>\n\t\t\t\t<\/div>\n\t\t<div class=\"elementor-element elementor-element-9079d5c e-con-full e-flex e-con e-child\" data-id=\"9079d5c\" data-element_type=\"container\" data-settings=\"{&quot;background_background&quot;:&quot;gradient&quot;}\">\n\t\t\t\t<div class=\"elementor-element elementor-element-405339b elementor-widget elementor-widget-text-editor\" data-id=\"405339b\" data-element_type=\"widget\" data-widget_type=\"text-editor.default\">\n\t\t\t\t<div class=\"elementor-widget-container\">\n\t\t\t\t\t\t\t<p>V\u00fd\u0161e mimosmluvn\u00ed odm\u011bny se stanov\u00ed podle sazby za jeden \u00fakon pr\u00e1vn\u00ed slu\u017eby ur\u010den\u00e9 dle tarifn\u00ed hodnoty v\u011bci, a podle po\u010dtu \u00fakon\u016f pr\u00e1vn\u00ed slu\u017eby, kter\u00e9 advok\u00e1t ve v\u011bci vykonal.<\/p>\t\t\t\t\t\t<\/div>\n\t\t\t\t<\/div>\n\t\t\t\t<\/div>\n\t\t\t\t\t<\/div>\n\t\t\t\t<\/div>\n\t\t<div class=\"elementor-element elementor-element-1d4ff9b e-flex e-con-boxed e-con e-parent\" data-id=\"1d4ff9b\" data-element_type=\"container\">\n\t\t\t\t\t<div class=\"e-con-inner\">\n\t\t<div class=\"elementor-element elementor-element-1257e0a e-con-full e-flex e-con e-child\" data-id=\"1257e0a\" data-element_type=\"container\" data-settings=\"{&quot;background_background&quot;:&quot;gradient&quot;}\">\n\t\t\t\t<div class=\"elementor-element elementor-element-3981166 elementor-widget elementor-widget-text-editor\" data-id=\"3981166\" data-element_type=\"widget\" data-widget_type=\"text-editor.default\">\n\t\t\t\t<div class=\"elementor-widget-container\">\n\t\t\t\t\t\t\t<p>V\u00fd\u0161e smluvn\u00ed odm\u011bny je sjedn\u00e1v\u00e1na jako \u010dasov\u00e1, pau\u0161\u00e1ln\u00ed, \u00fakonov\u00e1, jednor\u00e1zov\u00e1 \u010di pod\u00edlov\u00e1.<\/p>\t\t\t\t\t\t<\/div>\n\t\t\t\t<\/div>\n\t\t\t\t<\/div>\n\t\t<div class=\"elementor-element elementor-element-1ce8666 e-con-full e-flex e-con e-child\" data-id=\"1ce8666\" data-element_type=\"container\" data-settings=\"{&quot;background_background&quot;:&quot;gradient&quot;}\">\n\t\t\t\t<div class=\"elementor-element elementor-element-dee74ff elementor-widget elementor-widget-text-editor\" data-id=\"dee74ff\" data-element_type=\"widget\" data-widget_type=\"text-editor.default\">\n\t\t\t\t<div class=\"elementor-widget-container\">\n\t\t\t\t\t\t\t<p>Odm\u011bna za pr\u00e1vn\u00ed slu\u017eby je s klientem sjedn\u00e1v\u00e1na v\u017edy individu\u00e1ln\u011b. P\u0159i ur\u010den\u00ed konkr\u00e9tn\u00ed v\u00fd\u0161e odm\u011bny jsou zohled\u0148ov\u00e1ny p\u0159edev\u0161\u00edm specifika \u0159e\u0161en\u00e9 kauzy, jej\u00ed odborn\u00e1 a \u010dasov\u00e1 n\u00e1ro\u010dnost, jako\u017e i finan\u010dn\u00ed mo\u017enosti klienta.<\/p>\t\t\t\t\t\t<\/div>\n\t\t\t\t<\/div>\n\t\t\t\t<\/div>\n\t\t\t\t\t<\/div>\n\t\t\t\t<\/div>\n\t\t<div class=\"elementor-element elementor-element-1ac8c30 e-flex e-con-boxed e-con e-parent\" data-id=\"1ac8c30\" data-element_type=\"container\">\n\t\t\t\t\t<div class=\"e-con-inner\">\n\t\t<div class=\"elementor-element elementor-element-bd57d3c e-con-full e-flex e-con e-child\" data-id=\"bd57d3c\" data-element_type=\"container\" data-settings=\"{&quot;background_background&quot;:&quot;gradient&quot;}\">\n\t\t\t\t<div class=\"elementor-element elementor-element-e0140e8 elementor-widget elementor-widget-text-editor\" data-id=\"e0140e8\" data-element_type=\"widget\" data-widget_type=\"text-editor.default\">\n\t\t\t\t<div class=\"elementor-widget-container\">\n\t\t\t\t\t\t\t<p>Advok\u00e1tn\u00ed kancel\u00e1\u0159 nen\u00ed pl\u00e1tcem DPH.<\/p>\t\t\t\t\t\t<\/div>\n\t\t\t\t<\/div>\n\t\t\t\t<\/div>\n\t\t\t\t\t<\/div>\n\t\t\t\t<\/div>\n\t\t\t\t<\/div>\n\t\t","protected":false},"excerpt":{"rendered":"<p>Cen\u00edk Advok\u00e1tn\u00ed kancel\u00e1\u0159 poskytuje pr\u00e1vn\u00ed slu\u017eby za \u00faplatu v souladu vyhl\u00e1\u0161kou Ministerstva spravedlnosti \u010d. 177\/1996 Sb., o odm\u011bn\u00e1ch advok\u00e1t\u016f a n\u00e1hrad\u00e1ch advok\u00e1t\u016f za poskytov\u00e1n\u00ed pr\u00e1vn\u00edch slu\u017eeb (advok\u00e1tn\u00ed tarif), ve zn\u011bn\u00ed pozd\u011bj\u0161\u00edch p\u0159edpis\u016f. Vyhl\u00e1\u0161ka upravuje jak smluvn\u00ed tak mimosmluvn\u00ed v\u00fd\u0161i odm\u011bny. V\u00fd\u0161e mimosmluvn\u00ed odm\u011bny se stanov\u00ed podle sazby za jeden \u00fakon pr\u00e1vn\u00ed slu\u017eby ur\u010den\u00e9 dle tarifn\u00ed &hellip;<br \/><a href=\"https:\/\/akchrastkova.cz\/wp\/cenik\/\" class=\"more-link pen_button pen_element_default pen_icon_arrow_double\">Pokra\u010dovat ve\u00a0\u010dten\u00ed <span class=\"screen-reader-text\">Cen\u00edk<\/span><\/a><\/p>\n","protected":false},"author":1,"featured_media":0,"parent":0,"menu_order":0,"comment_status":"closed","ping_status":"closed","template":"","meta":{"footnotes":""},"class_list":["post-46","page","type-page","status-publish","hentry"],"_links":{"self":[{"href":"https:\/\/akchrastkova.cz\/wp\/wp-json\/wp\/v2\/pages\/46","targetHints":{"allow":["GET"]}}],"collection":[{"href":"https:\/\/akchrastkova.cz\/wp\/wp-json\/wp\/v2\/pages"}],"about":[{"href":"https:\/\/akchrastkova.cz\/wp\/wp-json\/wp\/v2\/types\/page"}],"author":[{"embeddable":true,"href":"https:\/\/akchrastkova.cz\/wp\/wp-json\/wp\/v2\/users\/1"}],"replies":[{"embeddable":true,"href":"https:\/\/akchrastkova.cz\/wp\/wp-json\/wp\/v2\/comments?post=46"}],"version-history":[{"count":4,"href":"https:\/\/akchrastkova.cz\/wp\/wp-json\/wp\/v2\/pages\/46\/revisions"}],"predecessor-version":[{"id":122,"href":"https:\/\/akchrastkova.cz\/wp\/wp-json\/wp\/v2\/pages\/46\/revisions\/122"}],"wp:attachment":[{"href":"https:\/\/akchrastkova.cz\/wp\/wp-json\/wp\/v2\/media?parent=46"}],"curies":[{"name":"wp","href":"https:\/\/api.w.org\/{rel}","templated":true}]}}